{"id":306,"date":"2026-04-07T15:52:58","date_gmt":"2026-04-07T18:52:58","guid":{"rendered":"https:\/\/huevoselenita.cl\/?post_type=product&#038;p=306"},"modified":"2026-04-07T15:59:24","modified_gmt":"2026-04-07T18:59:24","slug":"huevo-super-blanco-68-a-739-g-caja-de-100-unidades","status":"publish","type":"product","link":"https:\/\/huevoselenita.cl\/index.php\/producto\/huevo-super-blanco-68-a-739-g-caja-de-100-unidades\/","title":{"rendered":"Huevo Super Blanco (68 a 73,9 g) Caja de 100 unidades"},"content":{"rendered":"<p>Del\u00e9itate con nuestros Huevos Super Blancos en pr\u00e1cticas cajas de 100 unidades, cada una conteniendo huevos de calidad superior, ideales para una alimentaci\u00f3n balanceada y nutritiva.<\/p>\n","protected":false},"excerpt":{"rendered":"<p>Disfruta de la frescura y calidad inigualable con nuestro Huevo Super Blanco- Caja de 100 unidades. Cada caja contiene 100 huevos seleccionados cuidadosamente para garantizar la mejor experiencia culinaria.<\/p>\n","protected":false},"featured_media":303,"comment_status":"open","ping_status":"closed","template":"","meta":[],"product_brand":[],"product_cat":[23],"product_tag":[24],"class_list":{"0":"post-306","1":"product","2":"type-product","3":"status-publish","4":"has-post-thumbnail","6":"product_cat-super","7":"product_tag-huevo-super","9":"first","10":"instock","11":"sale","12":"shipping-taxable","13":"purchasable","14":"product-type-simple"},"_links":{"self":[{"href":"https:\/\/huevoselenita.cl\/index.php\/wp-json\/wp\/v2\/product\/306","targetHints":{"allow":["GET"]}}],"collection":[{"href":"https:\/\/huevoselenita.cl\/index.php\/wp-json\/wp\/v2\/product"}],"about":[{"href":"https:\/\/huevoselenita.cl\/index.php\/wp-json\/wp\/v2\/types\/product"}],"replies":[{"embeddable":true,"href":"https:\/\/huevoselenita.cl\/index.php\/wp-json\/wp\/v2\/comments?post=306"}],"wp:featuredmedia":[{"embeddable":true,"href":"https:\/\/huevoselenita.cl\/index.php\/wp-json\/wp\/v2\/media\/303"}],"wp:attachment":[{"href":"https:\/\/huevoselenita.cl\/index.php\/wp-json\/wp\/v2\/media?parent=306"}],"wp:term":[{"taxonomy":"product_brand","embeddable":true,"href":"https:\/\/huevoselenita.cl\/index.php\/wp-json\/wp\/v2\/product_brand?post=306"},{"taxonomy":"product_cat","embeddable":true,"href":"https:\/\/huevoselenita.cl\/index.php\/wp-json\/wp\/v2\/product_cat?post=306"},{"taxonomy":"product_tag","embeddable":true,"href":"https:\/\/huevoselenita.cl\/index.php\/wp-json\/wp\/v2\/product_tag?post=306"}],"curies":[{"name":"wp","href":"https:\/\/api.w.org\/{rel}","templated":true}]}}