{"id":271,"date":"2026-03-27T11:37:56","date_gmt":"2026-03-27T14:37:56","guid":{"rendered":"https:\/\/huevoselenita.cl\/?page_id=271"},"modified":"2026-04-06T23:55:56","modified_gmt":"2026-04-07T02:55:56","slug":"quienes-somos","status":"publish","type":"page","link":"https:\/\/huevoselenita.cl\/index.php\/quienes-somos\/","title":{"rendered":"Quienes Somos"},"content":{"rendered":"\t\t<div data-elementor-type=\"wp-page\" data-elementor-id=\"271\" class=\"elementor elementor-271\" data-elementor-post-type=\"page\">\n\t\t\t\t<div class=\"elementor-element elementor-element-1d9c793 e-flex e-con-boxed e-con e-parent\" data-id=\"1d9c793\" data-element_type=\"container\" data-e-type=\"container\">\n\t\t\t\t\t<div class=\"e-con-inner\">\n\t\t\t\t<div class=\"elementor-element elementor-element-8b825b0 elementor-widget elementor-widget-spacer\" data-id=\"8b825b0\" data-element_type=\"widget\" data-e-type=\"widget\" data-widget_type=\"spacer.default\">\n\t\t\t\t\t\t\t<div class=\"elementor-spacer\">\n\t\t\t<div class=\"elementor-spacer-inner\"><\/div>\n\t\t<\/div>\n\t\t\t\t\t\t<\/div>\n\t\t\t\t\t<\/div>\n\t\t\t\t<\/div>\n\t\t<div class=\"elementor-element elementor-element-851f732 e-flex e-con-boxed e-con e-parent\" data-id=\"851f732\" data-element_type=\"container\" data-e-type=\"container\">\n\t\t\t\t\t<div class=\"e-con-inner\">\n\t\t\t\t<div class=\"elementor-element elementor-element-5e91852 elementor-widget elementor-widget-heading\" data-id=\"5e91852\" data-element_type=\"widget\" data-e-type=\"widget\" data-widget_type=\"heading.default\">\n\t\t\t\t\t<h2 class=\"elementor-heading-title elementor-size-default\">Historia<\/h2>\t\t\t\t<\/div>\n\t\t\t\t\t<\/div>\n\t\t\t\t<\/div>\n\t\t<div class=\"elementor-element elementor-element-dacf59c e-flex e-con-boxed e-con e-parent\" data-id=\"dacf59c\" data-element_type=\"container\" data-e-type=\"container\">\n\t\t\t\t\t<div class=\"e-con-inner\">\n\t\t\t\t<div class=\"elementor-element elementor-element-2e29ce6 elementor-widget-divider--view-line elementor-widget elementor-widget-divider\" data-id=\"2e29ce6\" data-element_type=\"widget\" data-e-type=\"widget\" data-widget_type=\"divider.default\">\n\t\t\t\t\t\t\t<div class=\"elementor-divider\">\n\t\t\t<span class=\"elementor-divider-separator\">\n\t\t\t\t\t\t<\/span>\n\t\t<\/div>\n\t\t\t\t\t\t<\/div>\n\t\t\t\t\t<\/div>\n\t\t\t\t<\/div>\n\t\t<div class=\"elementor-element elementor-element-72dc59a e-flex e-con-boxed e-con e-parent\" data-id=\"72dc59a\" data-element_type=\"container\" data-e-type=\"container\">\n\t\t\t\t\t<div class=\"e-con-inner\">\n\t\t<div class=\"elementor-element elementor-element-fa3222f e-con-full e-flex e-con e-child\" data-id=\"fa3222f\" data-element_type=\"container\" data-e-type=\"container\">\n\t\t\t\t<div class=\"elementor-element elementor-element-22eda65 elementor-widget elementor-widget-text-editor\" data-id=\"22eda65\" data-element_type=\"widget\" data-e-type=\"widget\" data-widget_type=\"text-editor.default\">\n\t\t\t\t\t\t\t\t\t<p><strong>Somos especialistas en la venta de huevos al por mayor y al detalle<\/strong>, trabajando exclusivamente con producto nacional cuidadosamente seleccionado, garantizando frescura, sabor y excelencia. Nos diferenciamos por ofrecer una experiencia completa: precios competitivos, atenci\u00f3n de primer nivel y procesos \u00e1giles que optimizan tu tiempo. Nuestro sistema de retiro en bodega es r\u00e1pido y eficiente, pensado para clientes que valoran la calidad sin complicaciones. Contamos con un equipo humano comprometido, enfocado en entregar un servicio cercano, confiable y profesional en cada compra. M\u00e1s que vender huevos, entregamos confianza, calidad y servicio real.&#8221; Calidad superior en cada detalle.<\/p>\t\t\t\t\t\t\t\t<\/div>\n\t\t\t\t<div class=\"elementor-element elementor-element-9144d2e elementor-align-center elementor-invisible elementor-widget elementor-widget-button\" data-id=\"9144d2e\" data-element_type=\"widget\" data-e-type=\"widget\" data-settings=\"{&quot;_animation&quot;:&quot;fadeInLeft&quot;}\" data-widget_type=\"button.default\">\n\t\t\t\t\t\t\t\t\t\t<a class=\"elementor-button elementor-button-link elementor-size-sm\" href=\"#\">\n\t\t\t\t\t\t<span class=\"elementor-button-content-wrapper\">\n\t\t\t\t\t\t\t\t\t<span class=\"elementor-button-text\">Haz clic aqu\u00ed<\/span>\n\t\t\t\t\t<\/span>\n\t\t\t\t\t<\/a>\n\t\t\t\t\t\t\t\t<\/div>\n\t\t\t\t<\/div>\n\t\t<div class=\"elementor-element elementor-element-2d3de2c e-con-full e-flex e-con e-child\" data-id=\"2d3de2c\" data-element_type=\"container\" data-e-type=\"container\">\n\t\t\t\t<div class=\"elementor-element elementor-element-f5a53c9 elementor-invisible elementor-widget elementor-widget-image\" data-id=\"f5a53c9\" data-element_type=\"widget\" data-e-type=\"widget\" data-settings=\"{&quot;_animation&quot;:&quot;fadeInRight&quot;}\" data-widget_type=\"image.default\">\n\t\t\t\t\t\t\t\t\t\t\t\t\t\t\t<img fetchpriority=\"high\" decoding=\"async\" width=\"1024\" height=\"1024\" src=\"https:\/\/huevoselenita.cl\/wp-content\/uploads\/2026\/02\/ChatGPT-Image-25-feb-2026-20_16_36.png\" class=\"attachment-large size-large wp-image-127\" alt=\"\" srcset=\"https:\/\/huevoselenita.cl\/wp-content\/uploads\/2026\/02\/ChatGPT-Image-25-feb-2026-20_16_36.png 1024w, https:\/\/huevoselenita.cl\/wp-content\/uploads\/2026\/02\/ChatGPT-Image-25-feb-2026-20_16_36-300x300.png 300w, https:\/\/huevoselenita.cl\/wp-content\/uploads\/2026\/02\/ChatGPT-Image-25-feb-2026-20_16_36-150x150.png 150w, https:\/\/huevoselenita.cl\/wp-content\/uploads\/2026\/02\/ChatGPT-Image-25-feb-2026-20_16_36-768x768.png 768w\" sizes=\"(max-width: 1024px) 100vw, 1024px\" \/>\t\t\t\t\t\t\t\t\t\t\t\t\t\t\t<\/div>\n\t\t\t\t<\/div>\n\t\t\t\t\t<\/div>\n\t\t\t\t<\/div>\n\t\t<div class=\"elementor-element elementor-element-dd9ea29 e-flex e-con-boxed e-con e-parent\" data-id=\"dd9ea29\" data-element_type=\"container\" data-e-type=\"container\">\n\t\t\t\t\t<div class=\"e-con-inner\">\n\t\t\t\t\t<\/div>\n\t\t\t\t<\/div>\n\t\t\t\t<\/div>\n\t\t","protected":false},"excerpt":{"rendered":"<p>Historia Somos especialistas en la venta de huevos al por mayor y al detalle, trabajando exclusivamente con producto nacional cuidadosamente seleccionado, garantizando frescura, sabor y excelencia. Nos diferenciamos por ofrecer una experiencia completa: precios competitivos, atenci\u00f3n de primer nivel y procesos \u00e1giles que optimizan tu tiempo. Nuestro sistema de retiro en bodega es r\u00e1pido y [&hellip;]<\/p>\n","protected":false},"author":1,"featured_media":0,"parent":0,"menu_order":0,"comment_status":"closed","ping_status":"closed","template":"","meta":{"footnotes":""},"class_list":["post-271","page","type-page","status-publish","hentry"],"_links":{"self":[{"href":"https:\/\/huevoselenita.cl\/index.php\/wp-json\/wp\/v2\/pages\/271","targetHints":{"allow":["GET"]}}],"collection":[{"href":"https:\/\/huevoselenita.cl\/index.php\/wp-json\/wp\/v2\/pages"}],"about":[{"href":"https:\/\/huevoselenita.cl\/index.php\/wp-json\/wp\/v2\/types\/page"}],"author":[{"embeddable":true,"href":"https:\/\/huevoselenita.cl\/index.php\/wp-json\/wp\/v2\/users\/1"}],"replies":[{"embeddable":true,"href":"https:\/\/huevoselenita.cl\/index.php\/wp-json\/wp\/v2\/comments?post=271"}],"version-history":[{"count":13,"href":"https:\/\/huevoselenita.cl\/index.php\/wp-json\/wp\/v2\/pages\/271\/revisions"}],"predecessor-version":[{"id":301,"href":"https:\/\/huevoselenita.cl\/index.php\/wp-json\/wp\/v2\/pages\/271\/revisions\/301"}],"wp:attachment":[{"href":"https:\/\/huevoselenita.cl\/index.php\/wp-json\/wp\/v2\/media?parent=271"}],"curies":[{"name":"wp","href":"https:\/\/api.w.org\/{rel}","templated":true}]}}